{"id":25,"date":"2024-03-29T19:04:19","date_gmt":"2024-03-29T18:04:19","guid":{"rendered":"http:\/\/unfauteuilalamer.fr\/?page_id=25"},"modified":"2026-03-11T11:32:03","modified_gmt":"2026-03-11T10:32:03","slug":"bateau","status":"publish","type":"page","link":"https:\/\/unfauteuilalamer.fr\/index.php\/bateau\/","title":{"rendered":"Bateau"},"content":{"rendered":"\t\t<div data-elementor-type=\"wp-page\" data-elementor-id=\"25\" class=\"elementor elementor-25\">\n\t\t\t\t<div class=\"elementor-element elementor-element-51413df e-flex e-con-boxed e-con e-parent\" data-id=\"51413df\" data-element_type=\"container\">\n\t\t\t\t\t<div class=\"e-con-inner\">\n\t\t<div class=\"elementor-element elementor-element-6832144 e-con-full e-flex e-con e-child\" data-id=\"6832144\" data-element_type=\"container\" data-settings=\"{&quot;animation_tablet&quot;:&quot;fadeInUp&quot;,&quot;animation_mobile&quot;:&quot;fadeInUp&quot;}\">\n\t\t<div class=\"elementor-element elementor-element-f97b9a6 e-con-full e-flex elementor-invisible e-con e-child\" data-id=\"f97b9a6\" data-element_type=\"container\" data-settings=\"{&quot;background_background&quot;:&quot;classic&quot;,&quot;animation&quot;:&quot;fadeInUp&quot;,&quot;animation_tablet&quot;:&quot;fadeInUp&quot;,&quot;animation_delay&quot;:500}\">\n\t\t\t\t<div class=\"elementor-element elementor-element-50e37b8 elementor-widget elementor-widget-heading\" data-id=\"50e37b8\" data-element_type=\"widget\" data-widget_type=\"heading.default\">\n\t\t\t\t<div class=\"elementor-widget-container\">\n\t\t\t\t\t<h2 class=\"elementor-heading-title elementor-size-default\">Flyer Bateau <\/h2>\t\t\t\t<\/div>\n\t\t\t\t<\/div>\n\t\t\t\t<div class=\"elementor-element elementor-element-dc9296e elementor-align-center elementor-widget elementor-widget-button\" data-id=\"dc9296e\" data-element_type=\"widget\" data-widget_type=\"button.default\">\n\t\t\t\t<div class=\"elementor-widget-container\">\n\t\t\t\t\t\t\t\t\t<div class=\"elementor-button-wrapper\">\n\t\t\t\t\t<a class=\"elementor-button elementor-button-link elementor-size-sm elementor-animation-grow\" href=\"http:\/\/unfauteuilalamer.fr\/wp-content\/uploads\/2025\/01\/flyers-2025.pdf\" target=\"_blank\">\n\t\t\t\t\t\t<span class=\"elementor-button-content-wrapper\">\n\t\t\t\t\t\t\t\t\t<span class=\"elementor-button-text\">Cliquez ici<\/span>\n\t\t\t\t\t<\/span>\n\t\t\t\t\t<\/a>\n\t\t\t\t<\/div>\n\t\t\t\t\t\t\t\t<\/div>\n\t\t\t\t<\/div>\n\t\t\t\t<\/div>\n\t\t<div class=\"elementor-element elementor-element-2439a04 e-con-full e-flex elementor-invisible e-con e-child\" data-id=\"2439a04\" data-element_type=\"container\" data-settings=\"{&quot;background_background&quot;:&quot;classic&quot;,&quot;animation&quot;:&quot;fadeInUp&quot;,&quot;animation_tablet&quot;:&quot;fadeInUp&quot;,&quot;animation_delay&quot;:1000}\">\n\t\t\t\t<div class=\"elementor-element elementor-element-c562027 elementor-widget elementor-widget-heading\" data-id=\"c562027\" data-element_type=\"widget\" data-widget_type=\"heading.default\">\n\t\t\t\t<div class=\"elementor-widget-container\">\n\t\t\t\t\t<h2 class=\"elementor-heading-title elementor-size-default\">Document administratif activit\u00e9 bateau <\/h2>\t\t\t\t<\/div>\n\t\t\t\t<\/div>\n\t\t\t\t<div class=\"elementor-element elementor-element-a1f6568 elementor-align-center elementor-widget elementor-widget-button\" data-id=\"a1f6568\" data-element_type=\"widget\" data-widget_type=\"button.default\">\n\t\t\t\t<div class=\"elementor-widget-container\">\n\t\t\t\t\t\t\t\t\t<div class=\"elementor-button-wrapper\">\n\t\t\t\t\t<a class=\"elementor-button elementor-button-link elementor-size-sm elementor-animation-grow\" href=\"http:\/\/unfauteuilalamer.fr\/wp-content\/uploads\/2025\/01\/Reglement-bateau-2025.pdf\" target=\"_blank\">\n\t\t\t\t\t\t<span class=\"elementor-button-content-wrapper\">\n\t\t\t\t\t\t\t\t\t<span class=\"elementor-button-text\">Cliquez ici<\/span>\n\t\t\t\t\t<\/span>\n\t\t\t\t\t<\/a>\n\t\t\t\t<\/div>\n\t\t\t\t\t\t\t\t<\/div>\n\t\t\t\t<\/div>\n\t\t\t\t<\/div>\n\t\t\t\t<\/div>\n\t\t\t\t\t<\/div>\n\t\t\t\t<\/div>\n\t\t<div class=\"elementor-element elementor-element-496efd7 e-flex e-con-boxed elementor-invisible e-con e-parent\" data-id=\"496efd7\" data-element_type=\"container\" data-settings=\"{&quot;animation&quot;:&quot;zoomIn&quot;,&quot;animation_delay&quot;:1500}\">\n\t\t\t\t\t<div class=\"e-con-inner\">\n\t\t\t\t<div class=\"elementor-element elementor-element-df3eccd elementor-widget elementor-widget-heading\" data-id=\"df3eccd\" data-element_type=\"widget\" data-widget_type=\"heading.default\">\n\t\t\t\t<div class=\"elementor-widget-container\">\n\t\t\t\t\t<h2 class=\"elementor-heading-title elementor-size-default\">Notre actualit\u00e9 Bateau sur VAR-MATIN<\/h2>\t\t\t\t<\/div>\n\t\t\t\t<\/div>\n\t\t\t\t<div class=\"elementor-element elementor-element-43475c5 elementor-widget elementor-widget-text-editor\" data-id=\"43475c5\" data-element_type=\"widget\" data-widget_type=\"text-editor.default\">\n\t\t\t\t<div class=\"elementor-widget-container\">\n\t\t\t\t\t\t\t\t\t<p style=\"text-align: center;\">Pour voir l&rsquo;article <span style=\"color: #04a8d1;\"><strong><a style=\"color: #04a8d1;\" href=\"http:\/\/unfauteuilalamer.fr\/wp-content\/uploads\/2024\/08\/Fauteuil-Mer-juillet2024-1.pdf\" target=\"_blank\" rel=\"noopener\">cliquez ici<\/a><\/strong><\/span><\/p>\t\t\t\t\t\t\t\t<\/div>\n\t\t\t\t<\/div>\n\t\t\t\t\t<\/div>\n\t\t\t\t<\/div>\n\t\t<div class=\"elementor-element elementor-element-4e454a4 e-flex e-con-boxed elementor-invisible e-con e-parent\" data-id=\"4e454a4\" data-element_type=\"container\" data-settings=\"{&quot;animation&quot;:&quot;fadeInLeft&quot;,&quot;animation_delay&quot;:1500}\">\n\t\t\t\t\t<div class=\"e-con-inner\">\n\t\t\t\t<div class=\"elementor-element elementor-element-554f7e5 elementor-widget elementor-widget-heading\" data-id=\"554f7e5\" data-element_type=\"widget\" data-widget_type=\"heading.default\">\n\t\t\t\t<div class=\"elementor-widget-container\">\n\t\t\t\t\t<h2 class=\"elementor-heading-title elementor-size-default\">Notre activit\u00e9 Bateau en vid\u00e9o<\/h2>\t\t\t\t<\/div>\n\t\t\t\t<\/div>\n\t\t\t\t<div class=\"elementor-element elementor-element-c8afc74 elementor-widget elementor-widget-video\" data-id=\"c8afc74\" data-element_type=\"widget\" data-settings=\"{&quot;video_type&quot;:&quot;hosted&quot;,&quot;controls&quot;:&quot;yes&quot;}\" data-widget_type=\"video.default\">\n\t\t\t\t<div class=\"elementor-widget-container\">\n\t\t\t\t\t\t\t<div class=\"e-hosted-video elementor-wrapper elementor-open-inline\">\n\t\t\t\t\t<video class=\"elementor-video\" src=\"http:\/\/unfauteuilalamer.fr\/wp-content\/uploads\/2024\/06\/video_bateau.mp4\" controls=\"\" preload=\"metadata\" controlsList=\"nodownload\"><\/video>\n\t\t\t\t<\/div>\n\t\t\t\t\t\t<\/div>\n\t\t\t\t<\/div>\n\t\t\t\t<div class=\"elementor-element elementor-element-8b1b9a3 elementor-hidden-desktop elementor-hidden-tablet elementor-hidden-mobile elementor-widget elementor-widget-heading\" data-id=\"8b1b9a3\" data-element_type=\"widget\" data-widget_type=\"heading.default\">\n\t\t\t\t<div class=\"elementor-widget-container\">\n\t\t\t\t\t<h2 class=\"elementor-heading-title elementor-size-default\"><a href=\"https:\/\/www.youtube.com\/watch?v=k1gLq5tStRs\">Notre activit\u00e9 Bateau en photo<\/a><\/h2>\t\t\t\t<\/div>\n\t\t\t\t<\/div>\n\t\t\t\t<div class=\"elementor-element elementor-element-e99e70b elementor-hidden-desktop elementor-hidden-tablet elementor-hidden-mobile elementor-widget elementor-widget-image\" data-id=\"e99e70b\" data-element_type=\"widget\" data-widget_type=\"image.default\">\n\t\t\t\t<div class=\"elementor-widget-container\">\n\t\t\t\t\t\t\t\t\t\t\t\t\t\t\t<img fetchpriority=\"high\" decoding=\"async\" width=\"854\" height=\"520\" src=\"https:\/\/unfauteuilalamer.fr\/wp-content\/uploads\/2024\/05\/enconstruction.png\" class=\"attachment-large size-large wp-image-821\" alt=\"\" srcset=\"https:\/\/unfauteuilalamer.fr\/wp-content\/uploads\/2024\/05\/enconstruction.png 854w, https:\/\/unfauteuilalamer.fr\/wp-content\/uploads\/2024\/05\/enconstruction-300x183.png 300w, https:\/\/unfauteuilalamer.fr\/wp-content\/uploads\/2024\/05\/enconstruction-768x468.png 768w\" sizes=\"(max-width: 854px) 100vw, 854px\" \/>\t\t\t\t\t\t\t\t\t\t\t\t\t\t\t<\/div>\n\t\t\t\t<\/div>\n\t\t\t\t\t<\/div>\n\t\t\t\t<\/div>\n\t\t\t\t<\/div>\n\t\t","protected":false},"excerpt":{"rendered":"<p>Flyer Bateau Cliquez ici Document administratif activit\u00e9 bateau Cliquez ici Notre actualit\u00e9 Bateau sur VAR-MATIN Pour voir l&rsquo;article cliquez ici Notre activit\u00e9 Bateau en vid\u00e9o http:\/\/unfauteuilalamer.fr\/wp-content\/uploads\/2024\/06\/video_bateau.mp4 Notre activit\u00e9 Bateau en photo<\/p>\n","protected":false},"author":1,"featured_media":0,"parent":0,"menu_order":0,"comment_status":"closed","ping_status":"closed","template":"","meta":{"ocean_post_layout":"","ocean_both_sidebars_style":"","ocean_both_sidebars_content_width":0,"ocean_both_sidebars_sidebars_width":0,"ocean_sidebar":"","ocean_second_sidebar":"","ocean_disable_margins":"enable","ocean_add_body_class":"","ocean_shortcode_before_top_bar":"","ocean_shortcode_after_top_bar":"","ocean_shortcode_before_header":"","ocean_shortcode_after_header":"","ocean_has_shortcode":"","ocean_shortcode_after_title":"","ocean_shortcode_before_footer_widgets":"","ocean_shortcode_after_footer_widgets":"","ocean_shortcode_before_footer_bottom":"","ocean_shortcode_after_footer_bottom":"","ocean_display_top_bar":"default","ocean_display_header":"default","ocean_header_style":"","ocean_center_header_left_menu":"","ocean_custom_header_template":"","ocean_custom_logo":0,"ocean_custom_retina_logo":0,"ocean_custom_logo_max_width":0,"ocean_custom_logo_tablet_max_width":0,"ocean_custom_logo_mobile_max_width":0,"ocean_custom_logo_max_height":0,"ocean_custom_logo_tablet_max_height":0,"ocean_custom_logo_mobile_max_height":0,"ocean_header_custom_menu":"","ocean_menu_typo_font_family":"","ocean_menu_typo_font_subset":"","ocean_menu_typo_font_size":0,"ocean_menu_typo_font_size_tablet":0,"ocean_menu_typo_font_size_mobile":0,"ocean_menu_typo_font_size_unit":"px","ocean_menu_typo_font_weight":"","ocean_menu_typo_font_weight_tablet":"","ocean_menu_typo_font_weight_mobile":"","ocean_menu_typo_transform":"","ocean_menu_typo_transform_tablet":"","ocean_menu_typo_transform_mobile":"","ocean_menu_typo_line_height":0,"ocean_menu_typo_line_height_tablet":0,"ocean_menu_typo_line_height_mobile":0,"ocean_menu_typo_line_height_unit":"","ocean_menu_typo_spacing":0,"ocean_menu_typo_spacing_tablet":0,"ocean_menu_typo_spacing_mobile":0,"ocean_menu_typo_spacing_unit":"","ocean_menu_link_color":"","ocean_menu_link_color_hover":"","ocean_menu_link_color_active":"","ocean_menu_link_background":"","ocean_menu_link_hover_background":"","ocean_menu_link_active_background":"","ocean_menu_social_links_bg":"","ocean_menu_social_hover_links_bg":"","ocean_menu_social_links_color":"","ocean_menu_social_hover_links_color":"","ocean_disable_title":"default","ocean_disable_heading":"default","ocean_post_title":"","ocean_post_subheading":"","ocean_post_title_style":"","ocean_post_title_background_color":"","ocean_post_title_background":0,"ocean_post_title_bg_image_position":"","ocean_post_title_bg_image_attachment":"","ocean_post_title_bg_image_repeat":"","ocean_post_title_bg_image_size":"","ocean_post_title_height":0,"ocean_post_title_bg_overlay":0.5,"ocean_post_title_bg_overlay_color":"","ocean_disable_breadcrumbs":"default","ocean_breadcrumbs_color":"","ocean_breadcrumbs_separator_color":"","ocean_breadcrumbs_links_color":"","ocean_breadcrumbs_links_hover_color":"","ocean_display_footer_widgets":"default","ocean_display_footer_bottom":"default","ocean_custom_footer_template":"","footnotes":""},"class_list":["post-25","page","type-page","status-publish","hentry","entry"],"yoast_head":"<!-- This site is optimized with the Yoast SEO plugin v25.0 - https:\/\/yoast.com\/wordpress\/plugins\/seo\/ -->\n<title>Bateau - Un Fauteuil \u00e0 la Mer<\/title>\n<meta name=\"robots\" content=\"index, follow, max-snippet:-1, max-image-preview:large, max-video-preview:-1\" \/>\n<link rel=\"canonical\" href=\"http:\/\/unfauteuilalamer.fr\/index.php\/bateau\/\" \/>\n<meta property=\"og:locale\" content=\"fr_FR\" \/>\n<meta property=\"og:type\" content=\"article\" \/>\n<meta property=\"og:title\" content=\"Bateau - Un Fauteuil \u00e0 la Mer\" \/>\n<meta property=\"og:description\" content=\"Flyer Bateau Cliquez ici Document administratif activit\u00e9 bateau Cliquez ici Notre actualit\u00e9 Bateau sur VAR-MATIN Pour voir l&rsquo;article cliquez ici Notre activit\u00e9 Bateau en vid\u00e9o http:\/\/unfauteuilalamer.fr\/wp-content\/uploads\/2024\/06\/video_bateau.mp4 Notre activit\u00e9 Bateau en photo\" \/>\n<meta property=\"og:url\" content=\"http:\/\/unfauteuilalamer.fr\/index.php\/bateau\/\" \/>\n<meta property=\"og:site_name\" content=\"Un Fauteuil \u00e0 la Mer\" \/>\n<meta property=\"article:modified_time\" content=\"2026-03-11T10:32:03+00:00\" \/>\n<meta property=\"og:image\" content=\"http:\/\/unfauteuilalamer.fr\/wp-content\/uploads\/2024\/05\/enconstruction.png\" \/>\n<meta name=\"twitter:card\" content=\"summary_large_image\" \/>\n<meta name=\"twitter:label1\" content=\"Dur\u00e9e de lecture estim\u00e9e\" \/>\n\t<meta name=\"twitter:data1\" content=\"1 minute\" \/>\n<script type=\"application\/ld+json\" class=\"yoast-schema-graph\">{\"@context\":\"https:\/\/schema.org\",\"@graph\":[{\"@type\":\"WebPage\",\"@id\":\"http:\/\/unfauteuilalamer.fr\/index.php\/bateau\/\",\"url\":\"http:\/\/unfauteuilalamer.fr\/index.php\/bateau\/\",\"name\":\"Bateau - Un Fauteuil \u00e0 la Mer\",\"isPartOf\":{\"@id\":\"http:\/\/unfauteuilalamer.fr\/#website\"},\"primaryImageOfPage\":{\"@id\":\"http:\/\/unfauteuilalamer.fr\/index.php\/bateau\/#primaryimage\"},\"image\":{\"@id\":\"http:\/\/unfauteuilalamer.fr\/index.php\/bateau\/#primaryimage\"},\"thumbnailUrl\":\"http:\/\/unfauteuilalamer.fr\/wp-content\/uploads\/2024\/05\/enconstruction.png\",\"datePublished\":\"2024-03-29T18:04:19+00:00\",\"dateModified\":\"2026-03-11T10:32:03+00:00\",\"breadcrumb\":{\"@id\":\"http:\/\/unfauteuilalamer.fr\/index.php\/bateau\/#breadcrumb\"},\"inLanguage\":\"fr-FR\",\"potentialAction\":[{\"@type\":\"ReadAction\",\"target\":[\"http:\/\/unfauteuilalamer.fr\/index.php\/bateau\/\"]}]},{\"@type\":\"ImageObject\",\"inLanguage\":\"fr-FR\",\"@id\":\"http:\/\/unfauteuilalamer.fr\/index.php\/bateau\/#primaryimage\",\"url\":\"https:\/\/unfauteuilalamer.fr\/wp-content\/uploads\/2024\/05\/enconstruction.png\",\"contentUrl\":\"https:\/\/unfauteuilalamer.fr\/wp-content\/uploads\/2024\/05\/enconstruction.png\",\"width\":854,\"height\":520},{\"@type\":\"BreadcrumbList\",\"@id\":\"http:\/\/unfauteuilalamer.fr\/index.php\/bateau\/#breadcrumb\",\"itemListElement\":[{\"@type\":\"ListItem\",\"position\":1,\"name\":\"Accueil\",\"item\":\"http:\/\/unfauteuilalamer.fr\/\"},{\"@type\":\"ListItem\",\"position\":2,\"name\":\"Bateau\"}]},{\"@type\":\"WebSite\",\"@id\":\"http:\/\/unfauteuilalamer.fr\/#website\",\"url\":\"http:\/\/unfauteuilalamer.fr\/\",\"name\":\"Un Fauteuil \u00e0 la Mer\",\"description\":\"Il n&#039;y a qu&#039;un pas a faire\",\"publisher\":{\"@id\":\"http:\/\/unfauteuilalamer.fr\/#organization\"},\"potentialAction\":[{\"@type\":\"SearchAction\",\"target\":{\"@type\":\"EntryPoint\",\"urlTemplate\":\"http:\/\/unfauteuilalamer.fr\/?s={search_term_string}\"},\"query-input\":{\"@type\":\"PropertyValueSpecification\",\"valueRequired\":true,\"valueName\":\"search_term_string\"}}],\"inLanguage\":\"fr-FR\"},{\"@type\":\"Organization\",\"@id\":\"http:\/\/unfauteuilalamer.fr\/#organization\",\"name\":\"Un Fauteuil \u00e0 la Mer\",\"url\":\"http:\/\/unfauteuilalamer.fr\/\",\"logo\":{\"@type\":\"ImageObject\",\"inLanguage\":\"fr-FR\",\"@id\":\"http:\/\/unfauteuilalamer.fr\/#\/schema\/logo\/image\/\",\"url\":\"https:\/\/unfauteuilalamer.fr\/wp-content\/uploads\/2024\/03\/cropped-ufalam-1.jpg\",\"contentUrl\":\"https:\/\/unfauteuilalamer.fr\/wp-content\/uploads\/2024\/03\/cropped-ufalam-1.jpg\",\"width\":250,\"height\":80,\"caption\":\"Un Fauteuil \u00e0 la Mer\"},\"image\":{\"@id\":\"http:\/\/unfauteuilalamer.fr\/#\/schema\/logo\/image\/\"}}]}<\/script>\n<!-- \/ Yoast SEO plugin. -->","yoast_head_json":{"title":"Bateau - Un Fauteuil \u00e0 la Mer","robots":{"index":"index","follow":"follow","max-snippet":"max-snippet:-1","max-image-preview":"max-image-preview:large","max-video-preview":"max-video-preview:-1"},"canonical":"http:\/\/unfauteuilalamer.fr\/index.php\/bateau\/","og_locale":"fr_FR","og_type":"article","og_title":"Bateau - Un Fauteuil \u00e0 la Mer","og_description":"Flyer Bateau Cliquez ici Document administratif activit\u00e9 bateau Cliquez ici Notre actualit\u00e9 Bateau sur VAR-MATIN Pour voir l&rsquo;article cliquez ici Notre activit\u00e9 Bateau en vid\u00e9o http:\/\/unfauteuilalamer.fr\/wp-content\/uploads\/2024\/06\/video_bateau.mp4 Notre activit\u00e9 Bateau en photo","og_url":"http:\/\/unfauteuilalamer.fr\/index.php\/bateau\/","og_site_name":"Un Fauteuil \u00e0 la Mer","article_modified_time":"2026-03-11T10:32:03+00:00","og_image":[{"url":"http:\/\/unfauteuilalamer.fr\/wp-content\/uploads\/2024\/05\/enconstruction.png","type":"","width":"","height":""}],"twitter_card":"summary_large_image","twitter_misc":{"Dur\u00e9e de lecture estim\u00e9e":"1 minute"},"schema":{"@context":"https:\/\/schema.org","@graph":[{"@type":"WebPage","@id":"http:\/\/unfauteuilalamer.fr\/index.php\/bateau\/","url":"http:\/\/unfauteuilalamer.fr\/index.php\/bateau\/","name":"Bateau - Un Fauteuil \u00e0 la Mer","isPartOf":{"@id":"http:\/\/unfauteuilalamer.fr\/#website"},"primaryImageOfPage":{"@id":"http:\/\/unfauteuilalamer.fr\/index.php\/bateau\/#primaryimage"},"image":{"@id":"http:\/\/unfauteuilalamer.fr\/index.php\/bateau\/#primaryimage"},"thumbnailUrl":"http:\/\/unfauteuilalamer.fr\/wp-content\/uploads\/2024\/05\/enconstruction.png","datePublished":"2024-03-29T18:04:19+00:00","dateModified":"2026-03-11T10:32:03+00:00","breadcrumb":{"@id":"http:\/\/unfauteuilalamer.fr\/index.php\/bateau\/#breadcrumb"},"inLanguage":"fr-FR","potentialAction":[{"@type":"ReadAction","target":["http:\/\/unfauteuilalamer.fr\/index.php\/bateau\/"]}]},{"@type":"ImageObject","inLanguage":"fr-FR","@id":"http:\/\/unfauteuilalamer.fr\/index.php\/bateau\/#primaryimage","url":"https:\/\/unfauteuilalamer.fr\/wp-content\/uploads\/2024\/05\/enconstruction.png","contentUrl":"https:\/\/unfauteuilalamer.fr\/wp-content\/uploads\/2024\/05\/enconstruction.png","width":854,"height":520},{"@type":"BreadcrumbList","@id":"http:\/\/unfauteuilalamer.fr\/index.php\/bateau\/#breadcrumb","itemListElement":[{"@type":"ListItem","position":1,"name":"Accueil","item":"http:\/\/unfauteuilalamer.fr\/"},{"@type":"ListItem","position":2,"name":"Bateau"}]},{"@type":"WebSite","@id":"http:\/\/unfauteuilalamer.fr\/#website","url":"http:\/\/unfauteuilalamer.fr\/","name":"Un Fauteuil \u00e0 la Mer","description":"Il n&#039;y a qu&#039;un pas a faire","publisher":{"@id":"http:\/\/unfauteuilalamer.fr\/#organization"},"potentialAction":[{"@type":"SearchAction","target":{"@type":"EntryPoint","urlTemplate":"http:\/\/unfauteuilalamer.fr\/?s={search_term_string}"},"query-input":{"@type":"PropertyValueSpecification","valueRequired":true,"valueName":"search_term_string"}}],"inLanguage":"fr-FR"},{"@type":"Organization","@id":"http:\/\/unfauteuilalamer.fr\/#organization","name":"Un Fauteuil \u00e0 la Mer","url":"http:\/\/unfauteuilalamer.fr\/","logo":{"@type":"ImageObject","inLanguage":"fr-FR","@id":"http:\/\/unfauteuilalamer.fr\/#\/schema\/logo\/image\/","url":"https:\/\/unfauteuilalamer.fr\/wp-content\/uploads\/2024\/03\/cropped-ufalam-1.jpg","contentUrl":"https:\/\/unfauteuilalamer.fr\/wp-content\/uploads\/2024\/03\/cropped-ufalam-1.jpg","width":250,"height":80,"caption":"Un Fauteuil \u00e0 la Mer"},"image":{"@id":"http:\/\/unfauteuilalamer.fr\/#\/schema\/logo\/image\/"}}]}},"_links":{"self":[{"href":"https:\/\/unfauteuilalamer.fr\/index.php\/wp-json\/wp\/v2\/pages\/25","targetHints":{"allow":["GET"]}}],"collection":[{"href":"https:\/\/unfauteuilalamer.fr\/index.php\/wp-json\/wp\/v2\/pages"}],"about":[{"href":"https:\/\/unfauteuilalamer.fr\/index.php\/wp-json\/wp\/v2\/types\/page"}],"author":[{"embeddable":true,"href":"https:\/\/unfauteuilalamer.fr\/index.php\/wp-json\/wp\/v2\/users\/1"}],"replies":[{"embeddable":true,"href":"https:\/\/unfauteuilalamer.fr\/index.php\/wp-json\/wp\/v2\/comments?post=25"}],"version-history":[{"count":52,"href":"https:\/\/unfauteuilalamer.fr\/index.php\/wp-json\/wp\/v2\/pages\/25\/revisions"}],"predecessor-version":[{"id":1305,"href":"https:\/\/unfauteuilalamer.fr\/index.php\/wp-json\/wp\/v2\/pages\/25\/revisions\/1305"}],"wp:attachment":[{"href":"https:\/\/unfauteuilalamer.fr\/index.php\/wp-json\/wp\/v2\/media?parent=25"}],"curies":[{"name":"wp","href":"https:\/\/api.w.org\/{rel}","templated":true}]}}