{"id":11,"date":"2024-03-29T18:55:25","date_gmt":"2024-03-29T17:55:25","guid":{"rendered":"http:\/\/unfauteuilalamer.fr\/?page_id=11"},"modified":"2024-06-19T10:55:04","modified_gmt":"2024-06-19T08:55:04","slug":"a-propos","status":"publish","type":"page","link":"http:\/\/unfauteuilalamer.fr\/index.php\/a-propos\/","title":{"rendered":"Qui sommes-nous?"},"content":{"rendered":"\t\t<div data-elementor-type=\"wp-page\" data-elementor-id=\"11\" class=\"elementor elementor-11\">\n\t\t\t\t<div class=\"elementor-element elementor-element-13c3605 e-flex e-con-boxed e-con e-parent\" data-id=\"13c3605\" data-element_type=\"container\" data-e-type=\"container\">\n\t\t\t\t\t<div class=\"e-con-inner\">\n\t\t\t\t<div class=\"elementor-element elementor-element-1bd1e97 elementor-widget elementor-widget-heading\" data-id=\"1bd1e97\" data-element_type=\"widget\" data-e-type=\"widget\" data-widget_type=\"heading.default\">\n\t\t\t\t<div class=\"elementor-widget-container\">\n\t\t\t\t\t<h2 class=\"elementor-heading-title elementor-size-default\">Qui sommes-nous?<\/h2>\t\t\t\t<\/div>\n\t\t\t\t<\/div>\n\t\t\t\t<div class=\"elementor-element elementor-element-1cc8b53 elementor-invisible elementor-widget elementor-widget-heading\" data-id=\"1cc8b53\" data-element_type=\"widget\" data-e-type=\"widget\" data-settings=\"{&quot;_animation&quot;:&quot;fadeInLeft&quot;}\" data-widget_type=\"heading.default\">\n\t\t\t\t<div class=\"elementor-widget-container\">\n\t\t\t\t\t<h2 class=\"elementor-heading-title elementor-size-default\">Partager sa diff\u00e9rence, c\u2019est refuser l\u2019indiff\u00e9rence !<\/h2>\t\t\t\t<\/div>\n\t\t\t\t<\/div>\n\t\t\t\t<div class=\"elementor-element elementor-element-9a1096e animated-slow elementor-invisible elementor-widget elementor-widget-text-editor\" data-id=\"9a1096e\" data-element_type=\"widget\" data-e-type=\"widget\" data-settings=\"{&quot;_animation&quot;:&quot;rotateInDownLeft&quot;,&quot;_animation_delay&quot;:700}\" data-widget_type=\"text-editor.default\">\n\t\t\t\t<div class=\"elementor-widget-container\">\n\t\t\t\t\t\t\t\t\t<div>Le but de l\u2019association UN FAUTEUIL A LA MER (UFALAM) consiste \u00e0 r\u00e9pondre aux souhaits de l\u2019immense majorit\u00e9 des personnes handicap\u00e9es et stigmatis\u00e9es, en palliant leurs contraintes quotidiennes par des actions concr\u00e8tes, notamment de type ludique et th\u00e9rapeutique.<\/div><div><div><div>Avec comp\u00e9tence et enthousiasme, nous conjuguons nos efforts, afin que g\u00e9n\u00e9rosit\u00e9 et action deviennent les ma\u00eetres mots de la qualit\u00e9 de nos interventions.<\/div><div>Il nous a sembl\u00e9 pr\u00e9cieux de pr\u00e9server avec sensibilit\u00e9 des m\u00e9thodes d\u2019intervention dont la seule finalit\u00e9 vise au bien-\u00eatre du plus grand nombre.<\/div><div>En r\u00e9sum\u00e9, le c\u0153ur est un vecteur qui doit rester le moteur de nos vies.<\/div><\/div><\/div>\t\t\t\t\t\t\t\t<\/div>\n\t\t\t\t<\/div>\n\t\t\t\t<div class=\"elementor-element elementor-element-62fcc89 elementor-invisible elementor-widget elementor-widget-heading\" data-id=\"62fcc89\" data-element_type=\"widget\" data-e-type=\"widget\" data-settings=\"{&quot;_animation&quot;:&quot;fadeInLeft&quot;,&quot;_animation_delay&quot;:1500}\" data-widget_type=\"heading.default\">\n\t\t\t\t<div class=\"elementor-widget-container\">\n\t\t\t\t\t<h2 class=\"elementor-heading-title elementor-size-default\">Notre histoire<\/h2>\t\t\t\t<\/div>\n\t\t\t\t<\/div>\n\t\t\t\t<div class=\"elementor-element elementor-element-40b5edd elementor-invisible elementor-widget elementor-widget-video\" data-id=\"40b5edd\" data-element_type=\"widget\" data-e-type=\"widget\" data-settings=\"{&quot;youtube_url&quot;:&quot;https:\\\/\\\/www.youtube.com\\\/watch?v=yiW8CMYxFdU&quot;,&quot;_animation&quot;:&quot;fadeInLeft&quot;,&quot;_animation_delay&quot;:1200,&quot;video_type&quot;:&quot;youtube&quot;,&quot;controls&quot;:&quot;yes&quot;}\" data-widget_type=\"video.default\">\n\t\t\t\t<div class=\"elementor-widget-container\">\n\t\t\t\t\t\t\t<div class=\"elementor-wrapper elementor-open-inline\">\n\t\t\t<div class=\"elementor-video\"><\/div>\t\t<\/div>\n\t\t\t\t\t\t<\/div>\n\t\t\t\t<\/div>\n\t\t\t\t<div class=\"elementor-element elementor-element-fcbb127 elementor-invisible elementor-widget elementor-widget-text-editor\" data-id=\"fcbb127\" data-element_type=\"widget\" data-e-type=\"widget\" data-settings=\"{&quot;_animation&quot;:&quot;rotateInDownLeft&quot;,&quot;_animation_delay&quot;:1500}\" data-widget_type=\"text-editor.default\">\n\t\t\t\t<div class=\"elementor-widget-container\">\n\t\t\t\t\t\t\t\t\t<p>UFALAM est n\u00e9e en 2001, de la rencontre entre Guillaume MELENCHON \u2013 rugbyman toulonnais devenu t\u00e9trapl\u00e9gique suite \u00e0 un effondrement de m\u00eal\u00e9e \u2013 et une dizaine de personnes tr\u00e8s investies dans sa cr\u00e9ation, dont Pierre CARON.<br \/>Jusqu&rsquo;en 2022, elle a exerc\u00e9 sa mission d&rsquo;int\u00e9r\u00eat g\u00e9n\u00e9ral au sein de l&rsquo;H\u00f4pital Ren\u00e9e SABRAN, sur le ponton \u00ab Pierre CARON \u00bb, en enrichissant chaque ann\u00e9e la qualit\u00e9 et la diversit\u00e9 des activit\u00e9s nautiques propos\u00e9es aux personnes en situation de handicap : baignade, jet-ski, kayak, bateau, randonn\u00e9e sous-marine.<br \/>Depuis 2022, suite \u00e0 une mise en concurrence des Hospices Civils de Lyon, UFALAM n&rsquo;est plus implant\u00e9e sur la plage de la Vignette. Il lui faut donc se r\u00e9inventer : en 2023-2024 :<br \/>&#8211; maintien de l&rsquo;activit\u00e9 bateau, avec baignade et visite des criques de la presqu&rsquo;\u00eele de Giens,<br \/>&#8211; \u00e9laboration en cours d&rsquo;un projet de nouveau ponton sur la commune de La Londe-les-Maures.<br \/>Selon ses statuts, l\u2019association a pour but :<br \/>&#8211; de poursuivre la politique d\u2019am\u00e9nagement d\u2019une plage et d\u2019organiser la baignade et les activit\u00e9s nautiques en faveur des personnes handicap\u00e9es et \u00e0 mobilit\u00e9 r\u00e9duite,<br \/>&#8211; d\u2019acqu\u00e9rir et de financer tous types d\u2019embarcations et de mat\u00e9riels adapt\u00e9s aux conditions d\u2019acc\u00e8s \u00e0 la mer et aux installations nautiques en eau sal\u00e9e ou douce, mais aussi en piscine ou bassin,<br \/>&#8211; d\u2019exercer une activit\u00e9 de conseil aupr\u00e8s des collectivit\u00e9s et associations d\u00e9sireuses d\u2019am\u00e9nager des espaces nautiques en faveur des personnes handicap\u00e9es et \u00e0 mobilit\u00e9 r\u00e9duite.<\/p><p>UFALAM vise \u00e0 apporter une information fiable, descriptive et objective sur l&rsquo;accessibilit\u00e9 des sites et \u00e9quipements touristiques et de d\u00e9velopper une offre touristique adapt\u00e9e, et ce pour tous les types de handicap (moteur, mental, auditif et visuel).<br \/>Elle envisage \u00e9galement de d\u00e9velopper un projet p\u00e9dagogique sur le handicap, en lien avec la Maison de la Mer.<\/p>\t\t\t\t\t\t\t\t<\/div>\n\t\t\t\t<\/div>\n\t\t\t\t<div class=\"elementor-element elementor-element-a2f1329 elementor-invisible elementor-widget elementor-widget-heading\" data-id=\"a2f1329\" data-element_type=\"widget\" data-e-type=\"widget\" data-settings=\"{&quot;_animation&quot;:&quot;fadeInLeft&quot;,&quot;_animation_delay&quot;:1000}\" data-widget_type=\"heading.default\">\n\t\t\t\t<div class=\"elementor-widget-container\">\n\t\t\t\t\t<h2 class=\"elementor-heading-title elementor-size-default\">Pens\u00e9e et Con\u00e7ue pour l\u2019autonomie<\/h2>\t\t\t\t<\/div>\n\t\t\t\t<\/div>\n\t\t\t\t<div class=\"elementor-element elementor-element-620cfff elementor-invisible elementor-widget elementor-widget-text-editor\" data-id=\"620cfff\" data-element_type=\"widget\" data-e-type=\"widget\" data-settings=\"{&quot;_animation&quot;:&quot;rotateInDownLeft&quot;,&quot;_animation_delay&quot;:1500}\" data-widget_type=\"text-editor.default\">\n\t\t\t\t<div class=\"elementor-widget-container\">\n\t\t\t\t\t\t\t\t\t<div>Pens\u00e9e et con\u00e7ue pour renforcer le bien-\u00eatre psychologique par le regain d\u2019autonomie dans un lieu totalement accessible, l\u2019association vise la resocialisation et l\u2019acceptation du handicap, en favorisant les rencontres et \u00e9changes. Ce sont aussi des endroits o\u00f9 les familles peuvent se retrouver pour partager d\u2019agr\u00e9ables moments tout en oubliant l\u2019invalidit\u00e9 de leur proche.<\/div><div><div><div>Elle encourage la r\u00e9\u00e9ducation fonctionnelle en milieu marin et le renforcement musculaire li\u00e9 \u00e0 la natation, tous deux sources de bienfaits physiologiques associ\u00e9s au contact avec l\u2019\u00e9l\u00e9ment aquatique.<\/div><div><div><div>Ann\u00e9e apr\u00e8s ann\u00e9e, \u00ab Un Fauteuil A La Mer \u00bb s\u2019appuie sur les comp\u00e9tences de professionnels de sant\u00e9 et membres de l\u2019association (handicap\u00e9s ou non) afin de r\u00e9aliser, selon le souhait des utilisateurs et en fonction des fonds collect\u00e9s, les adaptations n\u00e9cessaires en mati\u00e8re d\u2019accessibilit\u00e9 ; son r\u00e9seau de sp\u00e9cialistes stimule les retours d\u2019exp\u00e9rience pour offrir ce qui se fait de mieux en mati\u00e8re d\u2019acc\u00e8s \u00e0 la baignade. Ainsi, pour que chacun retrouve une vie \u00ab normale \u00bb et se sente int\u00e9gr\u00e9, ce savoir-faire concourt aujourd\u2019hui, en partenariat avec d\u2019autres associations ind\u00e9pendantes, \u00e0 proposer toujours davantage d\u2019\u00e9quipements et d\u2019activit\u00e9s nautiques.<\/div><\/div><\/div><\/div><\/div>\t\t\t\t\t\t\t\t<\/div>\n\t\t\t\t<\/div>\n\t\t\t\t\t<\/div>\n\t\t\t\t<\/div>\n\t\t\t\t<\/div>\n\t\t","protected":false},"excerpt":{"rendered":"<p>Qui sommes-nous? Partager sa diff\u00e9rence, c\u2019est refuser l\u2019indiff\u00e9rence ! Le but de l\u2019association UN FAUTEUIL A LA MER (UFALAM) consiste \u00e0 r\u00e9pondre aux souhaits de l\u2019immense majorit\u00e9 des personnes handicap\u00e9es et stigmatis\u00e9es, en palliant leurs contraintes quotidiennes par des actions concr\u00e8tes, notamment de type ludique et th\u00e9rapeutique.Avec comp\u00e9tence et enthousiasme, nous conjuguons nos efforts, afin [&hellip;]<\/p>\n","protected":false},"author":1,"featured_media":0,"parent":0,"menu_order":0,"comment_status":"closed","ping_status":"closed","template":"","meta":{"ocean_post_layout":"","ocean_both_sidebars_style":"","ocean_both_sidebars_content_width":0,"ocean_both_sidebars_sidebars_width":0,"ocean_sidebar":"","ocean_second_sidebar":"","ocean_disable_margins":"enable","ocean_add_body_class":"","ocean_shortcode_before_top_bar":"","ocean_shortcode_after_top_bar":"","ocean_shortcode_before_header":"","ocean_shortcode_after_header":"","ocean_has_shortcode":"","ocean_shortcode_after_title":"","ocean_shortcode_before_footer_widgets":"","ocean_shortcode_after_footer_widgets":"","ocean_shortcode_before_footer_bottom":"","ocean_shortcode_after_footer_bottom":"","ocean_display_top_bar":"default","ocean_display_header":"default","ocean_header_style":"","ocean_center_header_left_menu":"","ocean_custom_header_template":"","ocean_custom_logo":0,"ocean_custom_retina_logo":0,"ocean_custom_logo_max_width":0,"ocean_custom_logo_tablet_max_width":0,"ocean_custom_logo_mobile_max_width":0,"ocean_custom_logo_max_height":0,"ocean_custom_logo_tablet_max_height":0,"ocean_custom_logo_mobile_max_height":0,"ocean_header_custom_menu":"","ocean_menu_typo_font_family":"","ocean_menu_typo_font_subset":"","ocean_menu_typo_font_size":0,"ocean_menu_typo_font_size_tablet":0,"ocean_menu_typo_font_size_mobile":0,"ocean_menu_typo_font_size_unit":"px","ocean_menu_typo_font_weight":"","ocean_menu_typo_font_weight_tablet":"","ocean_menu_typo_font_weight_mobile":"","ocean_menu_typo_transform":"","ocean_menu_typo_transform_tablet":"","ocean_menu_typo_transform_mobile":"","ocean_menu_typo_line_height":0,"ocean_menu_typo_line_height_tablet":0,"ocean_menu_typo_line_height_mobile":0,"ocean_menu_typo_line_height_unit":"","ocean_menu_typo_spacing":0,"ocean_menu_typo_spacing_tablet":0,"ocean_menu_typo_spacing_mobile":0,"ocean_menu_typo_spacing_unit":"","ocean_menu_link_color":"","ocean_menu_link_color_hover":"","ocean_menu_link_color_active":"","ocean_menu_link_background":"","ocean_menu_link_hover_background":"","ocean_menu_link_active_background":"","ocean_menu_social_links_bg":"","ocean_menu_social_hover_links_bg":"","ocean_menu_social_links_color":"","ocean_menu_social_hover_links_color":"","ocean_disable_title":"default","ocean_disable_heading":"default","ocean_post_title":"","ocean_post_subheading":"","ocean_post_title_style":"","ocean_post_title_background_color":"","ocean_post_title_background":0,"ocean_post_title_bg_image_position":"","ocean_post_title_bg_image_attachment":"","ocean_post_title_bg_image_repeat":"","ocean_post_title_bg_image_size":"","ocean_post_title_height":0,"ocean_post_title_bg_overlay":0.5,"ocean_post_title_bg_overlay_color":"","ocean_disable_breadcrumbs":"default","ocean_breadcrumbs_color":"","ocean_breadcrumbs_separator_color":"","ocean_breadcrumbs_links_color":"","ocean_breadcrumbs_links_hover_color":"","ocean_display_footer_widgets":"default","ocean_display_footer_bottom":"default","ocean_custom_footer_template":"","footnotes":""},"class_list":["post-11","page","type-page","status-publish","hentry","entry"],"yoast_head":"<!-- This site is optimized with the Yoast SEO plugin v27.5 - https:\/\/yoast.com\/product\/yoast-seo-wordpress\/ -->\n<title>Qui sommes-nous? - Un Fauteuil \u00e0 la Mer<\/title>\n<meta name=\"robots\" content=\"index, follow, max-snippet:-1, max-image-preview:large, max-video-preview:-1\" \/>\n<link rel=\"canonical\" href=\"https:\/\/unfauteuilalamer.fr\/index.php\/a-propos\/\" \/>\n<meta property=\"og:locale\" content=\"fr_FR\" \/>\n<meta property=\"og:type\" content=\"article\" \/>\n<meta property=\"og:title\" content=\"Qui sommes-nous? - Un Fauteuil \u00e0 la Mer\" \/>\n<meta property=\"og:description\" content=\"Qui sommes-nous? Partager sa diff\u00e9rence, c\u2019est refuser l\u2019indiff\u00e9rence ! Le but de l\u2019association UN FAUTEUIL A LA MER (UFALAM) consiste \u00e0 r\u00e9pondre aux souhaits de l\u2019immense majorit\u00e9 des personnes handicap\u00e9es et stigmatis\u00e9es, en palliant leurs contraintes quotidiennes par des actions concr\u00e8tes, notamment de type ludique et th\u00e9rapeutique.Avec comp\u00e9tence et enthousiasme, nous conjuguons nos efforts, afin [&hellip;]\" \/>\n<meta property=\"og:url\" content=\"https:\/\/unfauteuilalamer.fr\/index.php\/a-propos\/\" \/>\n<meta property=\"og:site_name\" content=\"Un Fauteuil \u00e0 la Mer\" \/>\n<meta property=\"article:modified_time\" content=\"2024-06-19T08:55:04+00:00\" \/>\n<meta name=\"twitter:card\" content=\"summary_large_image\" \/>\n<meta name=\"twitter:label1\" content=\"Dur\u00e9e de lecture estim\u00e9e\" \/>\n\t<meta name=\"twitter:data1\" content=\"3 minutes\" \/>\n<script type=\"application\/ld+json\" class=\"yoast-schema-graph\">{\"@context\":\"https:\\\/\\\/schema.org\",\"@graph\":[{\"@type\":\"WebPage\",\"@id\":\"https:\\\/\\\/unfauteuilalamer.fr\\\/index.php\\\/a-propos\\\/\",\"url\":\"https:\\\/\\\/unfauteuilalamer.fr\\\/index.php\\\/a-propos\\\/\",\"name\":\"Qui sommes-nous? - Un Fauteuil \u00e0 la Mer\",\"isPartOf\":{\"@id\":\"http:\\\/\\\/unfauteuilalamer.fr\\\/#website\"},\"datePublished\":\"2024-03-29T17:55:25+00:00\",\"dateModified\":\"2024-06-19T08:55:04+00:00\",\"breadcrumb\":{\"@id\":\"https:\\\/\\\/unfauteuilalamer.fr\\\/index.php\\\/a-propos\\\/#breadcrumb\"},\"inLanguage\":\"fr-FR\",\"potentialAction\":[{\"@type\":\"ReadAction\",\"target\":[\"https:\\\/\\\/unfauteuilalamer.fr\\\/index.php\\\/a-propos\\\/\"]}]},{\"@type\":\"BreadcrumbList\",\"@id\":\"https:\\\/\\\/unfauteuilalamer.fr\\\/index.php\\\/a-propos\\\/#breadcrumb\",\"itemListElement\":[{\"@type\":\"ListItem\",\"position\":1,\"name\":\"Accueil\",\"item\":\"http:\\\/\\\/unfauteuilalamer.fr\\\/\"},{\"@type\":\"ListItem\",\"position\":2,\"name\":\"Qui sommes-nous?\"}]},{\"@type\":\"WebSite\",\"@id\":\"http:\\\/\\\/unfauteuilalamer.fr\\\/#website\",\"url\":\"http:\\\/\\\/unfauteuilalamer.fr\\\/\",\"name\":\"Un Fauteuil \u00e0 la Mer\",\"description\":\"Il n&#039;y a qu&#039;un pas a faire\",\"publisher\":{\"@id\":\"http:\\\/\\\/unfauteuilalamer.fr\\\/#organization\"},\"potentialAction\":[{\"@type\":\"SearchAction\",\"target\":{\"@type\":\"EntryPoint\",\"urlTemplate\":\"http:\\\/\\\/unfauteuilalamer.fr\\\/?s={search_term_string}\"},\"query-input\":{\"@type\":\"PropertyValueSpecification\",\"valueRequired\":true,\"valueName\":\"search_term_string\"}}],\"inLanguage\":\"fr-FR\"},{\"@type\":\"Organization\",\"@id\":\"http:\\\/\\\/unfauteuilalamer.fr\\\/#organization\",\"name\":\"Un Fauteuil \u00e0 la Mer\",\"url\":\"http:\\\/\\\/unfauteuilalamer.fr\\\/\",\"logo\":{\"@type\":\"ImageObject\",\"inLanguage\":\"fr-FR\",\"@id\":\"http:\\\/\\\/unfauteuilalamer.fr\\\/#\\\/schema\\\/logo\\\/image\\\/\",\"url\":\"http:\\\/\\\/unfauteuilalamer.fr\\\/wp-content\\\/uploads\\\/2024\\\/03\\\/cropped-ufalam-1.jpg\",\"contentUrl\":\"http:\\\/\\\/unfauteuilalamer.fr\\\/wp-content\\\/uploads\\\/2024\\\/03\\\/cropped-ufalam-1.jpg\",\"width\":250,\"height\":80,\"caption\":\"Un Fauteuil \u00e0 la Mer\"},\"image\":{\"@id\":\"http:\\\/\\\/unfauteuilalamer.fr\\\/#\\\/schema\\\/logo\\\/image\\\/\"}}]}<\/script>\n<!-- \/ Yoast SEO plugin. -->","yoast_head_json":{"title":"Qui sommes-nous? - Un Fauteuil \u00e0 la Mer","robots":{"index":"index","follow":"follow","max-snippet":"max-snippet:-1","max-image-preview":"max-image-preview:large","max-video-preview":"max-video-preview:-1"},"canonical":"https:\/\/unfauteuilalamer.fr\/index.php\/a-propos\/","og_locale":"fr_FR","og_type":"article","og_title":"Qui sommes-nous? - Un Fauteuil \u00e0 la Mer","og_description":"Qui sommes-nous? Partager sa diff\u00e9rence, c\u2019est refuser l\u2019indiff\u00e9rence ! Le but de l\u2019association UN FAUTEUIL A LA MER (UFALAM) consiste \u00e0 r\u00e9pondre aux souhaits de l\u2019immense majorit\u00e9 des personnes handicap\u00e9es et stigmatis\u00e9es, en palliant leurs contraintes quotidiennes par des actions concr\u00e8tes, notamment de type ludique et th\u00e9rapeutique.Avec comp\u00e9tence et enthousiasme, nous conjuguons nos efforts, afin [&hellip;]","og_url":"https:\/\/unfauteuilalamer.fr\/index.php\/a-propos\/","og_site_name":"Un Fauteuil \u00e0 la Mer","article_modified_time":"2024-06-19T08:55:04+00:00","twitter_card":"summary_large_image","twitter_misc":{"Dur\u00e9e de lecture estim\u00e9e":"3 minutes"},"schema":{"@context":"https:\/\/schema.org","@graph":[{"@type":"WebPage","@id":"https:\/\/unfauteuilalamer.fr\/index.php\/a-propos\/","url":"https:\/\/unfauteuilalamer.fr\/index.php\/a-propos\/","name":"Qui sommes-nous? - Un Fauteuil \u00e0 la Mer","isPartOf":{"@id":"http:\/\/unfauteuilalamer.fr\/#website"},"datePublished":"2024-03-29T17:55:25+00:00","dateModified":"2024-06-19T08:55:04+00:00","breadcrumb":{"@id":"https:\/\/unfauteuilalamer.fr\/index.php\/a-propos\/#breadcrumb"},"inLanguage":"fr-FR","potentialAction":[{"@type":"ReadAction","target":["https:\/\/unfauteuilalamer.fr\/index.php\/a-propos\/"]}]},{"@type":"BreadcrumbList","@id":"https:\/\/unfauteuilalamer.fr\/index.php\/a-propos\/#breadcrumb","itemListElement":[{"@type":"ListItem","position":1,"name":"Accueil","item":"http:\/\/unfauteuilalamer.fr\/"},{"@type":"ListItem","position":2,"name":"Qui sommes-nous?"}]},{"@type":"WebSite","@id":"http:\/\/unfauteuilalamer.fr\/#website","url":"http:\/\/unfauteuilalamer.fr\/","name":"Un Fauteuil \u00e0 la Mer","description":"Il n&#039;y a qu&#039;un pas a faire","publisher":{"@id":"http:\/\/unfauteuilalamer.fr\/#organization"},"potentialAction":[{"@type":"SearchAction","target":{"@type":"EntryPoint","urlTemplate":"http:\/\/unfauteuilalamer.fr\/?s={search_term_string}"},"query-input":{"@type":"PropertyValueSpecification","valueRequired":true,"valueName":"search_term_string"}}],"inLanguage":"fr-FR"},{"@type":"Organization","@id":"http:\/\/unfauteuilalamer.fr\/#organization","name":"Un Fauteuil \u00e0 la Mer","url":"http:\/\/unfauteuilalamer.fr\/","logo":{"@type":"ImageObject","inLanguage":"fr-FR","@id":"http:\/\/unfauteuilalamer.fr\/#\/schema\/logo\/image\/","url":"http:\/\/unfauteuilalamer.fr\/wp-content\/uploads\/2024\/03\/cropped-ufalam-1.jpg","contentUrl":"http:\/\/unfauteuilalamer.fr\/wp-content\/uploads\/2024\/03\/cropped-ufalam-1.jpg","width":250,"height":80,"caption":"Un Fauteuil \u00e0 la Mer"},"image":{"@id":"http:\/\/unfauteuilalamer.fr\/#\/schema\/logo\/image\/"}}]}},"_links":{"self":[{"href":"http:\/\/unfauteuilalamer.fr\/index.php\/wp-json\/wp\/v2\/pages\/11","targetHints":{"allow":["GET"]}}],"collection":[{"href":"http:\/\/unfauteuilalamer.fr\/index.php\/wp-json\/wp\/v2\/pages"}],"about":[{"href":"http:\/\/unfauteuilalamer.fr\/index.php\/wp-json\/wp\/v2\/types\/page"}],"author":[{"embeddable":true,"href":"http:\/\/unfauteuilalamer.fr\/index.php\/wp-json\/wp\/v2\/users\/1"}],"replies":[{"embeddable":true,"href":"http:\/\/unfauteuilalamer.fr\/index.php\/wp-json\/wp\/v2\/comments?post=11"}],"version-history":[{"count":56,"href":"http:\/\/unfauteuilalamer.fr\/index.php\/wp-json\/wp\/v2\/pages\/11\/revisions"}],"predecessor-version":[{"id":1017,"href":"http:\/\/unfauteuilalamer.fr\/index.php\/wp-json\/wp\/v2\/pages\/11\/revisions\/1017"}],"wp:attachment":[{"href":"http:\/\/unfauteuilalamer.fr\/index.php\/wp-json\/wp\/v2\/media?parent=11"}],"curies":[{"name":"wp","href":"https:\/\/api.w.org\/{rel}","templated":true}]}}